{"id":5486,"date":"2025-01-23T16:45:15","date_gmt":"2025-01-23T16:45:15","guid":{"rendered":"https:\/\/premiumgroup.al\/?page_id=5486"},"modified":"2025-01-23T16:45:15","modified_gmt":"2025-01-23T16:45:15","slug":"kushtet-e-perdorimit","status":"publish","type":"page","link":"https:\/\/premiumgroup.al\/en\/kushtet-e-perdorimit\/","title":{"rendered":"Terms of Use"},"content":{"rendered":"<div data-elementor-type=\"wp-page\" data-elementor-id=\"5486\" class=\"elementor elementor-5486\" data-elementor-post-type=\"page\">\n\t\t\t\t<div class=\"elementor-element elementor-element-132e373 e-flex e-con-boxed e-con e-parent\" data-id=\"132e373\" data-element_type=\"container\">\n\t\t\t\t\t<div class=\"e-con-inner\">\n\t\t\t\t<div class=\"elementor-element elementor-element-a9eb5e4 elementor-widget elementor-widget-text-editor\" data-id=\"a9eb5e4\" data-element_type=\"widget\" data-widget_type=\"text-editor.default\">\n\t\t\t\t<div class=\"elementor-widget-container\">\n\t\t\t\t\t\t\t\t\t<p class=\" translation-block\">Welcome to our website, <strong>AXA Residence<\/strong>. By using this site, you agree to abide by the following terms:<\/p><ol><li><p class=\" translation-block\"><strong>Use of content<\/strong><br>All materials on this site (images, texts, logos) are the property of <strong>AXA Residence<\/strong> and are protected by copyright. <br>Their use, reproduction or distribution without our written permission is prohibited.<\/p><\/li><li><p class=\" translation-block\"><strong>User Responsibility<\/strong><br>You agree not to use this site for any unlawful purpose, including but not limited to the distribution of harmful, deceptive or offensive material.<\/p><\/li><li><p class=\" translation-block\"><strong>Site Changes<\/strong><br>We reserve the right to change, improve or remove the content of this site without prior notice.<\/p><\/li><li><p class=\" translation-block\"><strong>External Links<\/strong><br>Our site may contain links to other sites. <br>We are not responsible for the content or privacy practices of external sites.<\/p><\/li><li><p class=\" translation-block\"><strong>Limitation of Liability<\/strong><br><strong>AXA Residence<\/strong> is not liable for any losses or damages that may arise from the use of this site or from the inability to use it.<\/p><\/li><\/ol>\t\t\t\t\t\t\t\t<\/div>\n\t\t\t\t<\/div>\n\t\t\t\t\t<\/div>\n\t\t\t\t<\/div>\n\t\t\t\t<\/div>","protected":false},"excerpt":{"rendered":"<p>Mir\u00eb se vini n\u00eb faqen ton\u00eb t\u00eb internetit, AXA Residence. Duke p\u00ebrdorur k\u00ebt\u00eb faqe, ju pranoni t\u00eb respektoni kushtet e m\u00ebposhtme: P\u00ebrdorimi i p\u00ebrmbajtjes T\u00eb gjitha materialet n\u00eb k\u00ebt\u00eb faqe (imazhet, tekstet, logot) jan\u00eb pron\u00eb e AXA Residence dhe jan\u00eb t\u00eb mbrojtura nga t\u00eb drejtat e autorit. P\u00ebrdorimi, riprodhimi ose shp\u00ebrndarja e tyre pa lejen &hellip; <\/p>\n<p class=\"link-more\"><a href=\"https:\/\/premiumgroup.al\/en\/kushtet-e-perdorimit\/\" class=\"more-link\">Read More <span class=\"screen-reader-text\"> &#8220;Kushtet e P\u00ebrdorimit&#8221;<\/span><\/a><\/p>","protected":false},"author":1,"featured_media":0,"parent":0,"menu_order":0,"comment_status":"closed","ping_status":"closed","template":"","meta":{"footnotes":""},"class_list":["post-5486","page","type-page","status-publish","hentry"],"yoast_head":"<!-- This site is optimized with the Yoast SEO Premium plugin v23.5 (Yoast SEO v24.0) - https:\/\/yoast.com\/wordpress\/plugins\/seo\/ -->\n<title>Kushtet e P\u00ebrdorimit<\/title>\n<meta name=\"description\" content=\"Mir\u00eb se vini n\u00eb faqen ton\u00eb t\u00eb internetit, AXA Residence. Duke p\u00ebrdorur k\u00ebt\u00eb faqe, ju pranoni t\u00eb respektoni kushtet e m\u00ebposhtme: P\u00ebrdorimi i p\u00ebrmbajtjes T\u00eb\" \/>\n<meta name=\"robots\" content=\"index, follow, max-snippet:-1, max-image-preview:large, max-video-preview:-1\" \/>\n<link rel=\"canonical\" href=\"https:\/\/premiumgroup.al\/en\/kushtet-e-perdorimit\/\" \/>\n<meta property=\"og:locale\" content=\"en_GB\" \/>\n<meta property=\"og:type\" content=\"article\" \/>\n<meta property=\"og:title\" content=\"Kushtet e P\u00ebrdorimit\" \/>\n<meta property=\"og:description\" content=\"Mir\u00eb se vini n\u00eb faqen ton\u00eb t\u00eb internetit, AXA Residence. Duke p\u00ebrdorur k\u00ebt\u00eb faqe, ju pranoni t\u00eb respektoni kushtet e m\u00ebposhtme: P\u00ebrdorimi i p\u00ebrmbajtjes T\u00eb\" \/>\n<meta property=\"og:url\" content=\"https:\/\/premiumgroup.al\/en\/kushtet-e-perdorimit\/\" \/>\n<meta property=\"og:site_name\" content=\"Premium Group\" \/>\n<meta property=\"article:publisher\" content=\"https:\/\/www.facebook.com\/people\/Axa-Residence\/61570323142841\/\" \/>\n<meta property=\"og:image\" content=\"https:\/\/premiumgroup.al\/wp-content\/uploads\/2018\/12\/PremiumGroupDark.png\" \/>\n\t<meta property=\"og:image:width\" content=\"500\" \/>\n\t<meta property=\"og:image:height\" content=\"500\" \/>\n\t<meta property=\"og:image:type\" content=\"image\/png\" \/>\n<meta name=\"twitter:card\" content=\"summary_large_image\" \/>\n<meta name=\"twitter:label1\" content=\"Estimated reading time\" \/>\n\t<meta name=\"twitter:data1\" content=\"1 minute\" \/>\n<!-- \/ Yoast SEO Premium plugin. -->","yoast_head_json":{"title":"Kushtet e P\u00ebrdorimit","description":"Mir\u00eb se vini n\u00eb faqen ton\u00eb t\u00eb internetit, AXA Residence. Duke p\u00ebrdorur k\u00ebt\u00eb faqe, ju pranoni t\u00eb respektoni kushtet e m\u00ebposhtme: P\u00ebrdorimi i p\u00ebrmbajtjes T\u00eb","robots":{"index":"index","follow":"follow","max-snippet":"max-snippet:-1","max-image-preview":"max-image-preview:large","max-video-preview":"max-video-preview:-1"},"canonical":"https:\/\/premiumgroup.al\/en\/kushtet-e-perdorimit\/","og_locale":"en_GB","og_type":"article","og_title":"Kushtet e P\u00ebrdorimit","og_description":"Mir\u00eb se vini n\u00eb faqen ton\u00eb t\u00eb internetit, AXA Residence. Duke p\u00ebrdorur k\u00ebt\u00eb faqe, ju pranoni t\u00eb respektoni kushtet e m\u00ebposhtme: P\u00ebrdorimi i p\u00ebrmbajtjes T\u00eb","og_url":"https:\/\/premiumgroup.al\/en\/kushtet-e-perdorimit\/","og_site_name":"Premium Group","article_publisher":"https:\/\/www.facebook.com\/people\/Axa-Residence\/61570323142841\/","og_image":[{"width":500,"height":500,"url":"https:\/\/premiumgroup.al\/wp-content\/uploads\/2018\/12\/PremiumGroupDark.png","type":"image\/png"}],"twitter_card":"summary_large_image","twitter_misc":{"Estimated reading time":"1 minute"},"schema":{"@context":"https:\/\/schema.org","@graph":[{"@type":"WebPage","@id":"https:\/\/premiumgroup.al\/kushtet-e-perdorimit\/","url":"https:\/\/premiumgroup.al\/kushtet-e-perdorimit\/","name":"Kushtet e P\u00ebrdorimit","isPartOf":{"@id":"https:\/\/premiumgroup.al\/#website"},"datePublished":"2025-01-23T16:45:15+00:00","dateModified":"2025-01-23T16:45:15+00:00","description":"Mir\u00eb se vini n\u00eb faqen ton\u00eb t\u00eb internetit, AXA Residence. Duke p\u00ebrdorur k\u00ebt\u00eb faqe, ju pranoni t\u00eb respektoni kushtet e m\u00ebposhtme: P\u00ebrdorimi i p\u00ebrmbajtjes T\u00eb","breadcrumb":{"@id":"https:\/\/premiumgroup.al\/kushtet-e-perdorimit\/#breadcrumb"},"inLanguage":"en-GB","potentialAction":[{"@type":"ReadAction","target":["https:\/\/premiumgroup.al\/kushtet-e-perdorimit\/"]}]},{"@type":"BreadcrumbList","@id":"https:\/\/premiumgroup.al\/kushtet-e-perdorimit\/#breadcrumb","itemListElement":[{"@type":"ListItem","position":1,"name":"Home","item":"https:\/\/premiumgroup.al\/"},{"@type":"ListItem","position":2,"name":"Kushtet e P\u00ebrdorimit"}]},{"@type":"WebSite","@id":"https:\/\/premiumgroup.al\/#website","url":"https:\/\/premiumgroup.al\/","name":"Premium Group","description":"Luxury Properties &amp; Prestigous Residences in Albania","publisher":{"@id":"https:\/\/premiumgroup.al\/#organization"},"potentialAction":[{"@type":"SearchAction","target":{"@type":"EntryPoint","urlTemplate":"https:\/\/premiumgroup.al\/?s={search_term_string}"},"query-input":{"@type":"PropertyValueSpecification","valueRequired":true,"valueName":"search_term_string"}}],"inLanguage":"en-GB"},{"@type":"Organization","@id":"https:\/\/premiumgroup.al\/#organization","name":"Premium Group","url":"https:\/\/premiumgroup.al\/","logo":{"@type":"ImageObject","inLanguage":"en-GB","@id":"https:\/\/premiumgroup.al\/#\/schema\/logo\/image\/","url":"https:\/\/premiumgroup.al\/wp-content\/uploads\/2026\/04\/PremiumGroupIco.png","contentUrl":"https:\/\/premiumgroup.al\/wp-content\/uploads\/2026\/04\/PremiumGroupIco.png","width":500,"height":500,"caption":"Premium Group"},"image":{"@id":"https:\/\/premiumgroup.al\/#\/schema\/logo\/image\/"},"sameAs":["https:\/\/www.facebook.com\/people\/Axa-Residence\/61570323142841\/","https:\/\/www.instagram.com\/axa_residence","https:\/\/www.tiktok.com\/@axa.residence","https:\/\/www.linkedin.com\/in\/axa-residence-763180340\/","https:\/\/api.whatsapp.com\/send\/?phone=355696073600&text&type=phone_number&app_absent=0"]}]}},"_links":{"self":[{"href":"https:\/\/premiumgroup.al\/en\/wp-json\/wp\/v2\/pages\/5486","targetHints":{"allow":["GET"]}}],"collection":[{"href":"https:\/\/premiumgroup.al\/en\/wp-json\/wp\/v2\/pages"}],"about":[{"href":"https:\/\/premiumgroup.al\/en\/wp-json\/wp\/v2\/types\/page"}],"author":[{"embeddable":true,"href":"https:\/\/premiumgroup.al\/en\/wp-json\/wp\/v2\/users\/1"}],"replies":[{"embeddable":true,"href":"https:\/\/premiumgroup.al\/en\/wp-json\/wp\/v2\/comments?post=5486"}],"version-history":[{"count":0,"href":"https:\/\/premiumgroup.al\/en\/wp-json\/wp\/v2\/pages\/5486\/revisions"}],"wp:attachment":[{"href":"https:\/\/premiumgroup.al\/en\/wp-json\/wp\/v2\/media?parent=5486"}],"curies":[{"name":"wp","href":"https:\/\/api.w.org\/{rel}","templated":true}]}}