{"id":5480,"date":"2025-01-23T16:44:47","date_gmt":"2025-01-23T16:44:47","guid":{"rendered":"https:\/\/premiumgroup.al\/?page_id=5480"},"modified":"2025-01-23T16:44:47","modified_gmt":"2025-01-23T16:44:47","slug":"politika-e-privatesise","status":"publish","type":"page","link":"https:\/\/premiumgroup.al\/en\/politika-e-privatesise\/","title":{"rendered":"Privacy Policy"},"content":{"rendered":"<div data-elementor-type=\"wp-page\" data-elementor-id=\"5480\" class=\"elementor elementor-5480\" data-elementor-post-type=\"page\">\n\t\t\t\t<div class=\"elementor-element elementor-element-daa1e0f e-con-full e-flex e-con e-parent\" data-id=\"daa1e0f\" data-element_type=\"container\">\n\t\t\t\t<div class=\"elementor-element elementor-element-e9385cb elementor-widget elementor-widget-text-editor\" data-id=\"e9385cb\" data-element_type=\"widget\" data-widget_type=\"text-editor.default\">\n\t\t\t\t<div class=\"elementor-widget-container\">\n\t\t\t\t\t\t\t\t\t<h3><strong>Privacy Policy<\/strong><\/h3><p class=\" translation-block\"><strong>AXA Residence<\/strong> is committed to protecting your privacy and processing personal data in accordance with applicable laws.<\/p><ol><li><p><strong>The data we collect<\/strong><\/p><ul><li>Personal information you provide to us, such as name, email, and phone number.<\/li><li>Technical data such as IP address, browser type and time of visit.<\/li><\/ul><\/li><li><p><strong>How we use your data<\/strong><\/p><ul><li>To improve our services and communicate with you.<\/li><li>To process your requests and provide support.<\/li><li>For marketing purposes only with your consent.<\/li><\/ul><\/li><li><p><strong>Data storage<\/strong><br \/>Your data is stored securely and is not shared with third parties without your consent, except when required by law.<\/p><\/li><li><p><strong>Your rights<\/strong><\/p><ul><li>You have the right to request access, correction or deletion of your personal data.<\/li><li>You can withdraw your consent to marketing at any time by contacting us.<\/li><\/ul><\/li><li><p><strong>Changes to this policy<\/strong><br \/>We may update this policy from time to time. We encourage you to periodically review this section to be aware of any changes.<\/p><\/li><\/ol>\t\t\t\t\t\t\t\t<\/div>\n\t\t\t\t<\/div>\n\t\t\t\t<\/div>\n\t\t<div class=\"elementor-element elementor-element-744fc81 e-flex e-con-boxed e-con e-parent\" data-id=\"744fc81\" data-element_type=\"container\">\n\t\t\t\t\t<div class=\"e-con-inner\">\n\t\t\t\t<div class=\"elementor-element elementor-element-65cc627 elementor-widget elementor-widget-text-editor\" data-id=\"65cc627\" data-element_type=\"widget\" data-widget_type=\"text-editor.default\">\n\t\t\t\t<div class=\"elementor-widget-container\">\n\t\t\t\t\t\t\t\t\t<ol start=\"6\"><li><p><strong>Using Google Site Kit and Google Tag Manager<\/strong><\/p><ul><li class=\" translation-block\"><strong>Google Site Kit<\/strong>: We use this tool to collect and analyze data about site traffic and performance. The data includes, but is not limited to, IP address, device, and traffic source.<\/li><li class=\" translation-block\"><strong>Google Tag Manager<\/strong>: This tool helps manage the various tracking codes we implement on the site, including, but not limited to, Google Analytics and other analytics and marketing codes.<\/li><\/ul><\/li><li><p><strong>Why do we collect data?<\/strong><\/p><ul><li>To better understand the behavior of visitors to our site.<\/li><li>To improve the content and functionality of the site.<\/li><li>To optimize our marketing efforts.<\/li><\/ul><\/li><li><p><strong>Cookies and tracking technologies<\/strong><\/p><ul><li>Our website uses cookies for analytical and marketing purposes.<\/li><li>Visitors have the option to manage cookie preferences or block them through their browser.<\/li><\/ul><\/li><li><p><strong>Third parties<\/strong><\/p><ul><li>Data collected through these tools may be shared with Google for analytical purposes and to help improve our services.<\/li><\/ul><\/li><li><p><strong>Your choice<\/strong><\/p><ul><li class=\" translation-block\">If you want to disable tracking, you can use Google's cookie opt-out options or browser add-ons like the <strong>Google Analytics Opt-Out Browser Add-on<\/strong>.<\/li><\/ul><\/li><\/ol>\t\t\t\t\t\t\t\t<\/div>\n\t\t\t\t<\/div>\n\t\t\t\t\t<\/div>\n\t\t\t\t<\/div>\n\t\t\t\t<\/div>","protected":false},"excerpt":{"rendered":"<p>Politika e Privat\u00ebsis\u00eb AXA Residence angazhohet t\u00eb mbroj\u00eb privat\u00ebsin\u00eb tuaj dhe t\u00eb p\u00ebrpunoj\u00eb t\u00eb dh\u00ebnat personale n\u00eb p\u00ebrputhje me ligjet n\u00eb fuqi. T\u00eb dh\u00ebnat q\u00eb mbledhim Informacion personal q\u00eb ju na jepni, si emri, emaili, dhe numri i telefonit. T\u00eb dh\u00ebna teknike si adresa IP, lloji i shfletuesit dhe koha e vizit\u00ebs. Si i p\u00ebrdorim &hellip; <\/p>\n<p class=\"link-more\"><a href=\"https:\/\/premiumgroup.al\/en\/politika-e-privatesise\/\" class=\"more-link\">Read More <span class=\"screen-reader-text\"> &#8220;Politika e Privat\u00ebsis\u00eb&#8221;<\/span><\/a><\/p>","protected":false},"author":1,"featured_media":0,"parent":0,"menu_order":0,"comment_status":"closed","ping_status":"closed","template":"","meta":{"footnotes":""},"class_list":["post-5480","page","type-page","status-publish","hentry"],"yoast_head":"<!-- This site is optimized with the Yoast SEO Premium plugin v23.5 (Yoast SEO v24.0) - https:\/\/yoast.com\/wordpress\/plugins\/seo\/ -->\n<title>Politika e Privat\u00ebsis\u00eb<\/title>\n<meta name=\"description\" content=\"Politika e Privat\u00ebsis\u00eb AXA Residence angazhohet t\u00eb mbroj\u00eb privat\u00ebsin\u00eb tuaj dhe t\u00eb p\u00ebrpunoj\u00eb t\u00eb dh\u00ebnat personale n\u00eb p\u00ebrputhje me ligjet n\u00eb fuqi. T\u00eb dh\u00ebnat\" \/>\n<meta name=\"robots\" content=\"index, follow, max-snippet:-1, max-image-preview:large, max-video-preview:-1\" \/>\n<link rel=\"canonical\" href=\"https:\/\/premiumgroup.al\/en\/politika-e-privatesise\/\" \/>\n<meta property=\"og:locale\" content=\"en_GB\" \/>\n<meta property=\"og:type\" content=\"article\" \/>\n<meta property=\"og:title\" content=\"Politika e Privat\u00ebsis\u00eb\" \/>\n<meta property=\"og:description\" content=\"Politika e Privat\u00ebsis\u00eb AXA Residence angazhohet t\u00eb mbroj\u00eb privat\u00ebsin\u00eb tuaj dhe t\u00eb p\u00ebrpunoj\u00eb t\u00eb dh\u00ebnat personale n\u00eb p\u00ebrputhje me ligjet n\u00eb fuqi. T\u00eb dh\u00ebnat\" \/>\n<meta property=\"og:url\" content=\"https:\/\/premiumgroup.al\/en\/politika-e-privatesise\/\" \/>\n<meta property=\"og:site_name\" content=\"Premium Group\" \/>\n<meta property=\"article:publisher\" content=\"https:\/\/www.facebook.com\/people\/Axa-Residence\/61570323142841\/\" \/>\n<meta property=\"og:image\" content=\"https:\/\/premiumgroup.al\/wp-content\/uploads\/2018\/12\/PremiumGroupDark.png\" \/>\n\t<meta property=\"og:image:width\" content=\"500\" \/>\n\t<meta property=\"og:image:height\" content=\"500\" \/>\n\t<meta property=\"og:image:type\" content=\"image\/png\" \/>\n<meta name=\"twitter:card\" content=\"summary_large_image\" \/>\n<meta name=\"twitter:label1\" content=\"Estimated reading time\" \/>\n\t<meta name=\"twitter:data1\" content=\"2 minutes\" \/>\n<!-- \/ Yoast SEO Premium plugin. -->","yoast_head_json":{"title":"Politika e Privat\u00ebsis\u00eb","description":"Politika e Privat\u00ebsis\u00eb AXA Residence angazhohet t\u00eb mbroj\u00eb privat\u00ebsin\u00eb tuaj dhe t\u00eb p\u00ebrpunoj\u00eb t\u00eb dh\u00ebnat personale n\u00eb p\u00ebrputhje me ligjet n\u00eb fuqi. T\u00eb dh\u00ebnat","robots":{"index":"index","follow":"follow","max-snippet":"max-snippet:-1","max-image-preview":"max-image-preview:large","max-video-preview":"max-video-preview:-1"},"canonical":"https:\/\/premiumgroup.al\/en\/politika-e-privatesise\/","og_locale":"en_GB","og_type":"article","og_title":"Politika e Privat\u00ebsis\u00eb","og_description":"Politika e Privat\u00ebsis\u00eb AXA Residence angazhohet t\u00eb mbroj\u00eb privat\u00ebsin\u00eb tuaj dhe t\u00eb p\u00ebrpunoj\u00eb t\u00eb dh\u00ebnat personale n\u00eb p\u00ebrputhje me ligjet n\u00eb fuqi. T\u00eb dh\u00ebnat","og_url":"https:\/\/premiumgroup.al\/en\/politika-e-privatesise\/","og_site_name":"Premium Group","article_publisher":"https:\/\/www.facebook.com\/people\/Axa-Residence\/61570323142841\/","og_image":[{"width":500,"height":500,"url":"https:\/\/premiumgroup.al\/wp-content\/uploads\/2018\/12\/PremiumGroupDark.png","type":"image\/png"}],"twitter_card":"summary_large_image","twitter_misc":{"Estimated reading time":"2 minutes"},"schema":{"@context":"https:\/\/schema.org","@graph":[{"@type":"WebPage","@id":"https:\/\/premiumgroup.al\/politika-e-privatesise\/","url":"https:\/\/premiumgroup.al\/politika-e-privatesise\/","name":"Politika e Privat\u00ebsis\u00eb","isPartOf":{"@id":"https:\/\/premiumgroup.al\/#website"},"datePublished":"2025-01-23T16:44:47+00:00","dateModified":"2025-01-23T16:44:47+00:00","description":"Politika e Privat\u00ebsis\u00eb AXA Residence angazhohet t\u00eb mbroj\u00eb privat\u00ebsin\u00eb tuaj dhe t\u00eb p\u00ebrpunoj\u00eb t\u00eb dh\u00ebnat personale n\u00eb p\u00ebrputhje me ligjet n\u00eb fuqi. T\u00eb dh\u00ebnat","breadcrumb":{"@id":"https:\/\/premiumgroup.al\/politika-e-privatesise\/#breadcrumb"},"inLanguage":"en-GB","potentialAction":[{"@type":"ReadAction","target":["https:\/\/premiumgroup.al\/politika-e-privatesise\/"]}]},{"@type":"BreadcrumbList","@id":"https:\/\/premiumgroup.al\/politika-e-privatesise\/#breadcrumb","itemListElement":[{"@type":"ListItem","position":1,"name":"Home","item":"https:\/\/premiumgroup.al\/"},{"@type":"ListItem","position":2,"name":"Politika e Privat\u00ebsis\u00eb"}]},{"@type":"WebSite","@id":"https:\/\/premiumgroup.al\/#website","url":"https:\/\/premiumgroup.al\/","name":"Premium Group","description":"Luxury Properties &amp; Prestigous Residences in Albania","publisher":{"@id":"https:\/\/premiumgroup.al\/#organization"},"potentialAction":[{"@type":"SearchAction","target":{"@type":"EntryPoint","urlTemplate":"https:\/\/premiumgroup.al\/?s={search_term_string}"},"query-input":{"@type":"PropertyValueSpecification","valueRequired":true,"valueName":"search_term_string"}}],"inLanguage":"en-GB"},{"@type":"Organization","@id":"https:\/\/premiumgroup.al\/#organization","name":"Premium Group","url":"https:\/\/premiumgroup.al\/","logo":{"@type":"ImageObject","inLanguage":"en-GB","@id":"https:\/\/premiumgroup.al\/#\/schema\/logo\/image\/","url":"https:\/\/premiumgroup.al\/wp-content\/uploads\/2026\/04\/PremiumGroupIco.png","contentUrl":"https:\/\/premiumgroup.al\/wp-content\/uploads\/2026\/04\/PremiumGroupIco.png","width":500,"height":500,"caption":"Premium Group"},"image":{"@id":"https:\/\/premiumgroup.al\/#\/schema\/logo\/image\/"},"sameAs":["https:\/\/www.facebook.com\/people\/Axa-Residence\/61570323142841\/","https:\/\/www.instagram.com\/axa_residence","https:\/\/www.tiktok.com\/@axa.residence","https:\/\/www.linkedin.com\/in\/axa-residence-763180340\/","https:\/\/api.whatsapp.com\/send\/?phone=355696073600&text&type=phone_number&app_absent=0"]}]}},"_links":{"self":[{"href":"https:\/\/premiumgroup.al\/en\/wp-json\/wp\/v2\/pages\/5480","targetHints":{"allow":["GET"]}}],"collection":[{"href":"https:\/\/premiumgroup.al\/en\/wp-json\/wp\/v2\/pages"}],"about":[{"href":"https:\/\/premiumgroup.al\/en\/wp-json\/wp\/v2\/types\/page"}],"author":[{"embeddable":true,"href":"https:\/\/premiumgroup.al\/en\/wp-json\/wp\/v2\/users\/1"}],"replies":[{"embeddable":true,"href":"https:\/\/premiumgroup.al\/en\/wp-json\/wp\/v2\/comments?post=5480"}],"version-history":[{"count":0,"href":"https:\/\/premiumgroup.al\/en\/wp-json\/wp\/v2\/pages\/5480\/revisions"}],"wp:attachment":[{"href":"https:\/\/premiumgroup.al\/en\/wp-json\/wp\/v2\/media?parent=5480"}],"curies":[{"name":"wp","href":"https:\/\/api.w.org\/{rel}","templated":true}]}}